{"id":429,"date":"2015-08-13T04:16:49","date_gmt":"2015-08-13T04:16:49","guid":{"rendered":"https:\/\/ingenieriaintegralenconstruccion.com\/?page_id=429"},"modified":"2015-09-08T04:59:59","modified_gmt":"2015-09-08T04:59:59","slug":"porque-nosotros","status":"publish","type":"page","link":"https:\/\/ingenieriaintegralenconstruccion.com\/index.php\/porque-nosotros\/","title":{"rendered":"Porque Nosotros"},"content":{"rendered":"<p>[vc_row full_width=&#8221;&#8221; parallax=&#8221;&#8221; parallax_image=&#8221;&#8221; newlayout=&#8221;Fixed&#8221; css=&#8221;.vc_custom_1424541127682{margin-bottom: 0px !important;}&#8221;][vc_column width=&#8221;1\/1&#8243;][vc_column_text css=&#8221;.vc_custom_1440567916036{margin-bottom: 0px !important;}&#8221;]<\/p>\n<h2>Porque nosotros<\/h2>\n<hr \/>\n<ul>\n<li style=\"text-align: justify; line-height: 28.0pt; color: #333333; font-size: 1.3em;\">Ofrecemos soluciones integrales para los proyectos de construcci\u00f3n, contando con profesionales capacitados, con una construcci\u00f3n de calidad.<\/li>\n<li style=\"text-align: justify; line-height: 28.0pt; color: #333333; font-size: 1.3em;\">Cumplimos con los requerimientos, especificaciones, normativas y tiempos. Optimizando el aprovechamiento de los recursos.<\/li>\n<li style=\"text-align: justify; line-height: 28.0pt; color: #333333; font-size: 1.3em;\">Nos hacemos responsables de nuestros impactos econ\u00f3micos, sociales y ambientales y en constante comunicaci\u00f3n de nuestros grupos de inter\u00e9s y cumpliendo con las normas internacionales de comportamiento \u00e9tico.<\/li>\n<\/ul>\n<p>[\/vc_column_text][\/vc_column][\/vc_row][vc_row full_width=&#8221;&#8221; parallax=&#8221;&#8221; parallax_image=&#8221;&#8221; newlayout=&#8221;Fixed&#8221;][vc_column width=&#8221;1\/1&#8243;][vc_empty_space height=&#8221;12px&#8221;][\/vc_column][\/vc_row][vc_row full_width=&#8221;&#8221; parallax=&#8221;&#8221; parallax_image=&#8221;&#8221; newlayout=&#8221;Fixed&#8221;][vc_column width=&#8221;1\/1&#8243;][vc_raw_html]JTNDcCUyMCUyMGFsaWduJTNEJTIyY2VudGVyJTIyJTNFJTNDaW1nJTIwc3JjJTNEJTIyaHR0cHMlM0ElMkYlMkZpbmdlbmllcmlhaW50ZWdyYWxlbmNvbnN0cnVjY2lvbi5jb20lMkZ3cC1jb250ZW50JTJGdXBsb2FkcyUyRjIwMTUlMkYwOCUyRmxvZ28uanBnJTIyJTNFJTNDJTJGcCUzRQ==[\/vc_raw_html][\/vc_column][\/vc_row]<\/p>\n","protected":false},"excerpt":{"rendered":"<p>[vc_row full_width=&#8221;&#8221; parallax=&#8221;&#8221; parallax_image=&#8221;&#8221; newlayout=&#8221;Fixed&#8221; css=&#8221;.vc_custom_1424541127682{margin-bottom: 0px !important;}&#8221;][vc_column width=&#8221;1\/1&#8243;][vc_column_text css=&#8221;.vc_custom_1440567916036{margin-bottom: 0px !important;}&#8221;] Porque nosotros Ofrecemos soluciones integrales para los proyectos de construcci\u00f3n, contando con profesionales capacitados, con una construcci\u00f3n de calidad. Cumplimos con los requerimientos, especificaciones, normativas y tiempos. Optimizando el aprovechamiento de los recursos. Nos hacemos responsables de nuestros impactos econ\u00f3micos, sociales y ambientales [&hellip;]<\/p>\n","protected":false},"author":1,"featured_media":0,"parent":0,"menu_order":0,"comment_status":"open","ping_status":"open","template":"","meta":[],"_links":{"self":[{"href":"https:\/\/ingenieriaintegralenconstruccion.com\/index.php\/wp-json\/wp\/v2\/pages\/429"}],"collection":[{"href":"https:\/\/ingenieriaintegralenconstruccion.com\/index.php\/wp-json\/wp\/v2\/pages"}],"about":[{"href":"https:\/\/ingenieriaintegralenconstruccion.com\/index.php\/wp-json\/wp\/v2\/types\/page"}],"author":[{"embeddable":true,"href":"https:\/\/ingenieriaintegralenconstruccion.com\/index.php\/wp-json\/wp\/v2\/users\/1"}],"replies":[{"embeddable":true,"href":"https:\/\/ingenieriaintegralenconstruccion.com\/index.php\/wp-json\/wp\/v2\/comments?post=429"}],"version-history":[{"count":15,"href":"https:\/\/ingenieriaintegralenconstruccion.com\/index.php\/wp-json\/wp\/v2\/pages\/429\/revisions"}],"predecessor-version":[{"id":571,"href":"https:\/\/ingenieriaintegralenconstruccion.com\/index.php\/wp-json\/wp\/v2\/pages\/429\/revisions\/571"}],"wp:attachment":[{"href":"https:\/\/ingenieriaintegralenconstruccion.com\/index.php\/wp-json\/wp\/v2\/media?parent=429"}],"curies":[{"name":"wp","href":"https:\/\/api.w.org\/{rel}","templated":true}]}}