{"id":278,"date":"2015-06-18T01:02:40","date_gmt":"2015-06-18T01:02:40","guid":{"rendered":"https:\/\/ingenieriaintegralenconstruccion.com\/?page_id=278"},"modified":"2016-01-25T17:29:33","modified_gmt":"2016-01-25T17:29:33","slug":"responsabilidad-social","status":"publish","type":"page","link":"https:\/\/ingenieriaintegralenconstruccion.com\/index.php\/responsabilidad-social\/","title":{"rendered":"Responsabilidad Social"},"content":{"rendered":"<p>[vc_row full_width=&#8221;&#8221; parallax=&#8221;&#8221; parallax_image=&#8221;&#8221; newlayout=&#8221;Fixed&#8221;][vc_column width=&#8221;2\/3&#8243;][vc_column_text]<\/p>\n<h2>Decalogo de Empresa Socialmente Responsable<\/h2>\n<hr \/>\n<p style=\"line-height: 28pt; color: #333333; font-size: 1.3em; text-align: justify;\">Conozca nuestro Dec\u00e1logo de Empresa Socialmente Responsable dando click en la siguiente liga<\/p>\n<p style=\"line-height: 28pt; color: #333333; font-size: 1.3em; text-align: justify;\"><a href=\"https:\/\/ingenieriaintegralenconstruccion.com\/wp-content\/uploads\/2015\/09\/decalogo.pdf\">Decalogo\u00a0<\/a><\/p>\n<p>&nbsp;<\/p>\n<h2>Calidad de Vida de la Empresa<\/h2>\n<hr \/>\n<p style=\"line-height: 28pt; color: #333333; font-size: 1.3em; text-align: justify;\">La evoluci\u00f3n y permanencia de ingenier\u00eda integral en construcci\u00f3n ha sido posible gracias a la calidad de nuestro equipo de trabajo, en el que promovemos su desarrollo atendiendo temas de seguridad, salud, capacitaci\u00f3n y valores.<\/p>\n<p>&nbsp;<\/p>\n<h2>Vinculaci\u00f3n con la Comunidad<\/h2>\n<hr \/>\n<p style=\"line-height: 28pt; color: #333333; font-size: 1.3em; text-align: justify;\">Tenemos el compromiso por impulsar el desarrollo comunitario, implementando proyectos a beneficio de grupos vulnerables<\/p>\n<p>&nbsp;<\/p>\n<h2>Medio Ambiente<\/h2>\n<hr \/>\n<p style=\"line-height: 28pt; color: #333333; font-size: 1.3em; text-align: justify;\">Somos una empresa dedicada al Cuidado y preservaci\u00f3n del medio ambiente.<\/p>\n<p>&nbsp;<\/p>\n<h2>Nuestros Logros<\/h2>\n<hr \/>\n<p style=\"line-height: 28pt; color: #333333; font-size: 1.3em; text-align: justify;\">Recientemente se obtuvo el reconocimiento por nuestras pol\u00edticas de Responsabilidad Social Empresarial de manos del Gobernador del Estado el Lic. Cesar Duarte y del Presidente Municipal de Chihuahua el Ing. Javier Garfio. Reconocimiento otorgado por la C\u00e1mara Mexicana de la Industria de la Construcci\u00f3n.<\/p>\n<p>[\/vc_column_text][\/vc_column][vc_column width=&#8221;1\/3&#8243;][vc_slider type=&#8221;single&#8221; nav=&#8221;true&#8221; pag=&#8221;true&#8221; auto=&#8221;false&#8221; speed=&#8221;3000&#8243; sitems=&#8221;4&#8243; smimages=&#8221;505&#8243;][vc_empty_space height=&#8221;52px&#8221;][vc_slider type=&#8221;single&#8221; nav=&#8221;true&#8221; pag=&#8221;true&#8221; auto=&#8221;false&#8221; speed=&#8221;3000&#8243; sitems=&#8221;4&#8243; smimages=&#8221;507&#8243;][vc_empty_space height=&#8221;52px&#8221;][vc_slider type=&#8221;single&#8221; nav=&#8221;true&#8221; pag=&#8221;true&#8221; auto=&#8221;false&#8221; speed=&#8221;3000&#8243; sitems=&#8221;4&#8243; smimages=&#8221;510&#8243;][\/vc_column][\/vc_row][vc_row full_width=&#8221;&#8221; parallax=&#8221;&#8221; parallax_image=&#8221;&#8221; newlayout=&#8221;Fixed&#8221;][vc_column width=&#8221;1\/3&#8243;][vc_slider type=&#8221;single&#8221; nav=&#8221;true&#8221; pag=&#8221;true&#8221; auto=&#8221;false&#8221; speed=&#8221;3000&#8243; sitems=&#8221;4&#8243; smimages=&#8221;516&#8243;][\/vc_column][vc_column width=&#8221;1\/3&#8243;][vc_slider type=&#8221;single&#8221; nav=&#8221;true&#8221; pag=&#8221;true&#8221; auto=&#8221;false&#8221; speed=&#8221;3000&#8243; sitems=&#8221;4&#8243; smimages=&#8221;515&#8243;][\/vc_column][vc_column width=&#8221;1\/3&#8243;][vc_slider type=&#8221;single&#8221; nav=&#8221;true&#8221; pag=&#8221;true&#8221; auto=&#8221;false&#8221; speed=&#8221;3000&#8243; sitems=&#8221;4&#8243; smimages=&#8221;514&#8243;][\/vc_column][\/vc_row]<\/p>\n","protected":false},"excerpt":{"rendered":"<p>[vc_row full_width=&#8221;&#8221; parallax=&#8221;&#8221; parallax_image=&#8221;&#8221; newlayout=&#8221;Fixed&#8221;][vc_column width=&#8221;2\/3&#8243;][vc_column_text] Decalogo de Empresa Socialmente Responsable Conozca nuestro Dec\u00e1logo de Empresa Socialmente Responsable dando click en la siguiente liga Decalogo\u00a0 &nbsp; Calidad de Vida de la Empresa La evoluci\u00f3n y permanencia de ingenier\u00eda integral en construcci\u00f3n ha sido posible gracias a la calidad de nuestro equipo de trabajo, en el [&hellip;]<\/p>\n","protected":false},"author":1,"featured_media":0,"parent":0,"menu_order":4,"comment_status":"open","ping_status":"open","template":"","meta":[],"_links":{"self":[{"href":"https:\/\/ingenieriaintegralenconstruccion.com\/index.php\/wp-json\/wp\/v2\/pages\/278"}],"collection":[{"href":"https:\/\/ingenieriaintegralenconstruccion.com\/index.php\/wp-json\/wp\/v2\/pages"}],"about":[{"href":"https:\/\/ingenieriaintegralenconstruccion.com\/index.php\/wp-json\/wp\/v2\/types\/page"}],"author":[{"embeddable":true,"href":"https:\/\/ingenieriaintegralenconstruccion.com\/index.php\/wp-json\/wp\/v2\/users\/1"}],"replies":[{"embeddable":true,"href":"https:\/\/ingenieriaintegralenconstruccion.com\/index.php\/wp-json\/wp\/v2\/comments?post=278"}],"version-history":[{"count":11,"href":"https:\/\/ingenieriaintegralenconstruccion.com\/index.php\/wp-json\/wp\/v2\/pages\/278\/revisions"}],"predecessor-version":[{"id":633,"href":"https:\/\/ingenieriaintegralenconstruccion.com\/index.php\/wp-json\/wp\/v2\/pages\/278\/revisions\/633"}],"wp:attachment":[{"href":"https:\/\/ingenieriaintegralenconstruccion.com\/index.php\/wp-json\/wp\/v2\/media?parent=278"}],"curies":[{"name":"wp","href":"https:\/\/api.w.org\/{rel}","templated":true}]}}