{"id":242,"date":"2015-06-17T07:17:36","date_gmt":"2015-06-17T07:17:36","guid":{"rendered":"https:\/\/ingenieriaintegralenconstruccion.com\/?page_id=242"},"modified":"2015-09-08T04:57:01","modified_gmt":"2015-09-08T04:57:01","slug":"construccion","status":"publish","type":"page","link":"https:\/\/ingenieriaintegralenconstruccion.com\/index.php\/servicios\/construccion\/","title":{"rendered":"Construcci\u00f3n"},"content":{"rendered":"<p>[vc_row full_width=&#8221;&#8221; parallax=&#8221;&#8221; parallax_image=&#8221;&#8221; newlayout=&#8221;Fixed&#8221; css=&#8221;.vc_custom_1424541127682{margin-bottom: 0px !important;}&#8221;][vc_column width=&#8221;1\/1&#8243;][vc_column_text css=&#8221;.vc_custom_1440568462481{margin-bottom: 0px !important;}&#8221;]<\/p>\n<h2>Construcci\u00f3n<\/h2>\n<hr \/>\n<p style=\"line-height: 28pt; color: #333333; font-size: 1.3em; text-align: justify;\">La compa\u00f1\u00eda se especializa en la construcci\u00f3n de edificios educativos,industriales, comerciales, deportivos en el \u00e1mbito p\u00fablico y privado, as\u00ed como la construcci\u00f3n de infraestructura urbana y de servicios.<br \/>\nNuestra amplia experiencia nos permite dar un servicio integral a todos nuestros clientes.<\/p>\n<p>[\/vc_column_text][\/vc_column][\/vc_row][vc_row full_width=&#8221;&#8221; parallax=&#8221;&#8221; parallax_image=&#8221;&#8221; newlayout=&#8221;Fixed&#8221;][vc_column width=&#8221;1\/1&#8243;][vc_empty_space height=&#8221;12px&#8221;][\/vc_column][\/vc_row][vc_row full_width=&#8221;&#8221; parallax=&#8221;&#8221; parallax_image=&#8221;&#8221; newlayout=&#8221;Fixed&#8221;][vc_column width=&#8221;1\/1&#8243;][vc_raw_html]JTNDcCUyMCUyMGFsaWduJTNEJTIyY2VudGVyJTIyJTNFJTNDaW1nJTIwc3JjJTNEJTIyaHR0cHMlM0ElMkYlMkZpbmdlbmllcmlhaW50ZWdyYWxlbmNvbnN0cnVjY2lvbi5jb20lMkZ3cC1jb250ZW50JTJGdXBsb2FkcyUyRjIwMTUlMkYwOCUyRmxvZ28uanBnJTIyJTNFJTNDJTJGcCUzRQ==[\/vc_raw_html][\/vc_column][\/vc_row]<\/p>\n","protected":false},"excerpt":{"rendered":"<p>[vc_row full_width=&#8221;&#8221; parallax=&#8221;&#8221; parallax_image=&#8221;&#8221; newlayout=&#8221;Fixed&#8221; css=&#8221;.vc_custom_1424541127682{margin-bottom: 0px !important;}&#8221;][vc_column width=&#8221;1\/1&#8243;][vc_column_text css=&#8221;.vc_custom_1440568462481{margin-bottom: 0px !important;}&#8221;] Construcci\u00f3n La compa\u00f1\u00eda se especializa en la construcci\u00f3n de edificios educativos,industriales, comerciales, deportivos en el \u00e1mbito p\u00fablico y privado, as\u00ed como la construcci\u00f3n de infraestructura urbana y de servicios. Nuestra amplia experiencia nos permite dar un servicio integral a todos nuestros clientes. [\/vc_column_text][\/vc_column][\/vc_row][vc_row [&hellip;]<\/p>\n","protected":false},"author":1,"featured_media":0,"parent":239,"menu_order":1,"comment_status":"open","ping_status":"open","template":"","meta":[],"_links":{"self":[{"href":"https:\/\/ingenieriaintegralenconstruccion.com\/index.php\/wp-json\/wp\/v2\/pages\/242"}],"collection":[{"href":"https:\/\/ingenieriaintegralenconstruccion.com\/index.php\/wp-json\/wp\/v2\/pages"}],"about":[{"href":"https:\/\/ingenieriaintegralenconstruccion.com\/index.php\/wp-json\/wp\/v2\/types\/page"}],"author":[{"embeddable":true,"href":"https:\/\/ingenieriaintegralenconstruccion.com\/index.php\/wp-json\/wp\/v2\/users\/1"}],"replies":[{"embeddable":true,"href":"https:\/\/ingenieriaintegralenconstruccion.com\/index.php\/wp-json\/wp\/v2\/comments?post=242"}],"version-history":[{"count":10,"href":"https:\/\/ingenieriaintegralenconstruccion.com\/index.php\/wp-json\/wp\/v2\/pages\/242\/revisions"}],"predecessor-version":[{"id":577,"href":"https:\/\/ingenieriaintegralenconstruccion.com\/index.php\/wp-json\/wp\/v2\/pages\/242\/revisions\/577"}],"up":[{"embeddable":true,"href":"https:\/\/ingenieriaintegralenconstruccion.com\/index.php\/wp-json\/wp\/v2\/pages\/239"}],"wp:attachment":[{"href":"https:\/\/ingenieriaintegralenconstruccion.com\/index.php\/wp-json\/wp\/v2\/media?parent=242"}],"curies":[{"name":"wp","href":"https:\/\/api.w.org\/{rel}","templated":true}]}}